{"id":97,"date":"2019-12-06T20:05:37","date_gmt":"2019-12-06T18:05:37","guid":{"rendered":"http:\/\/quadern-interficies-test.recursos.uoc.edu\/?page_id=97"},"modified":"2020-01-21T16:55:03","modified_gmt":"2020-01-21T14:55:03","slug":"2-2-3-funcionalidad-y-proposito","status":"publish","type":"page","link":"http:\/\/quadern-interficies-test.recursos.uoc.edu\/es\/2-2-3-funcionalidad-y-proposito\/","title":{"rendered":"2.2.3. Funcionalidad y prop\u00f3sito"},"content":{"rendered":"<p>Otra clasificaci\u00f3n se basa en las funciones principales del sitio web y los problemas que resuelve a los usuarios. Entre los tipos m\u00e1s populares hoy en d\u00eda, podemos mencionar los siguientes:<\/p>\n<ul>\n<li>Los sitios <strong>web de presentaciones personales<\/strong> son los que promueven a un individuo desde una perspectiva creativa o profesional. Aqu\u00ed encontramos blogs de escritores, repositorios, portafolios de presentaci\u00f3n, curr\u00edculums, etc. Por ejemplo, la p\u00e1gina personal de Seth Godin (<a href=\"https:\/\/seths.blog\/about\/\" target=\"_blank\" rel=\"noopener noreferrer\">https:\/\/seths.blog\/about\/<\/a>).<\/li>\n<li>Los sitios <strong>web corporativos <\/strong>son el siguiente nivel de promoci\u00f3n, ya que est\u00e1n destinados a presentar una empresa. Su p\u00fablico objetivo principal son los clientes que compran servicios. Por lo tanto, este sitio web debe proporcionar informaci\u00f3n sobre los servicios y el flujo de trabajo, compartir los beneficios clave y la filosof\u00eda de la empresa, y mostrar la cartera de productos o servicios y signos de confianza, como testimonios y rese\u00f1as. El sitio web debe presentar la marca corporativa como cre\u00edble, confiable y profesional, adem\u00e1s de brindar a los clientes potenciales la conexi\u00f3n directa con los representantes de la compa\u00f1\u00eda. Adem\u00e1s, otro segmento de usuarios objetivo puede incluir personas que deseen trabajar en la empresa, incluyendo informaci\u00f3n sobre el equipo y las vacantes disponibles. Por ejemplo, la p\u00e1gina de la empresa Moa Beer (<a href=\"https:\/\/www.moabeer.com\/\" target=\"_blank\" rel=\"noopener noreferrer\">https:\/\/www.moabeer.com\/<\/a>).<\/li>\n<li>Los sitios <strong>web de comercio electr\u00f3nico<\/strong> tienen como objetivo principal vender un producto o servicio a los clientes en l\u00ednea. La plataforma de comercio electr\u00f3nico permite al usuario recorrer todo el camino desde la elecci\u00f3n hasta la compra, incluyendo la tramitaci\u00f3n del pago, la entrega, el mantenimiento, u otros servicios. Por ejemplo, la p\u00e1gina de Amazon (<a href=\"https:\/\/www.amazon.com\/\" target=\"_blank\" rel=\"noopener noreferrer\">https:\/\/www.amazon.com\/<\/a>).<\/li>\n<li>Los sitios <strong>web compartidos<\/strong> (<em>stock<\/em> o <em>marketplace<\/em>) son las plataformas que permiten a los usuarios compartir informaci\u00f3n en diferentes soportes audiovisuales, como fotos, v\u00eddeos, m\u00fasica, gr\u00e1ficos, copias, etc. Por ejemplo, la p\u00e1gina web de Badi (<a href=\"https:\/\/badi.com\/es\/\" target=\"_blank\" rel=\"noopener noreferrer\">https:\/\/badi.com\/es\/<\/a>).<\/li>\n<li>Los sitios <strong>web educativos<\/strong> son otro dominio de plataformas web informativas. Estas webs re\u00fanen enciclopedias, bibliotecas, lecciones en l\u00ednea y cursos profesionales, museos, galer\u00edas y sitios web de exposiciones. Por ejemplo, la p\u00e1gina de Coursera (<a href=\"https:\/\/www.coursera.org\/\" target=\"_blank\" rel=\"noopener noreferrer\">https:\/\/www.coorg\/<\/a>).<\/li>\n<li>Los sitios <strong>web de comunicaci\u00f3n<\/strong> (redes sociales) facilitan el intercambio de opiniones y pensamientos. Pueden imponer restricciones en la longitud de la informaci\u00f3n a compartir (por ejemplo, un tuit), diferentes tipos de contenido, temas y grupos sociales. Generalmente se basan en contenido generado por el usuario. Por ejemplo, Facebook, Twitter o Instagram.<\/li>\n<li>Los sitios <strong>web de noticias<\/strong> son revistas o peri\u00f3dicos en l\u00ednea. Su objetivo es informar a los usuarios sobre las \u00faltimas noticias y eventos. Por ejemplo, la p\u00e1gina de la BBC (<a href=\"https:\/\/www.bbc.com\/\" target=\"_blank\" rel=\"noopener noreferrer\">https:\/\/www.bbc.com\/<\/a>).<\/li>\n<\/ul>\n","protected":false},"excerpt":{"rendered":"<p>Otra clasificaci\u00f3n se basa en las funciones principales del sitio web y los problemas que resuelve a los usuarios. Entre los tipos m\u00e1s populares hoy en d\u00eda, podemos mencionar los siguientes: Los sitios web de presentaciones personales son los que promueven a un individuo desde una perspectiva creativa o profesional. Aqu\u00ed encontramos blogs de escritores, [&hellip;]<\/p>\n","protected":false},"author":2,"featured_media":0,"parent":0,"menu_order":0,"comment_status":"closed","ping_status":"closed","template":"","meta":[],"_links":{"self":[{"href":"http:\/\/quadern-interficies-test.recursos.uoc.edu\/es\/wp-json\/wp\/v2\/pages\/97"}],"collection":[{"href":"http:\/\/quadern-interficies-test.recursos.uoc.edu\/es\/wp-json\/wp\/v2\/pages"}],"about":[{"href":"http:\/\/quadern-interficies-test.recursos.uoc.edu\/es\/wp-json\/wp\/v2\/types\/page"}],"author":[{"embeddable":true,"href":"http:\/\/quadern-interficies-test.recursos.uoc.edu\/es\/wp-json\/wp\/v2\/users\/2"}],"replies":[{"embeddable":true,"href":"http:\/\/quadern-interficies-test.recursos.uoc.edu\/es\/wp-json\/wp\/v2\/comments?post=97"}],"version-history":[{"count":3,"href":"http:\/\/quadern-interficies-test.recursos.uoc.edu\/es\/wp-json\/wp\/v2\/pages\/97\/revisions"}],"predecessor-version":[{"id":613,"href":"http:\/\/quadern-interficies-test.recursos.uoc.edu\/es\/wp-json\/wp\/v2\/pages\/97\/revisions\/613"}],"wp:attachment":[{"href":"http:\/\/quadern-interficies-test.recursos.uoc.edu\/es\/wp-json\/wp\/v2\/media?parent=97"}],"curies":[{"name":"wp","href":"https:\/\/api.w.org\/{rel}","templated":true}]}}