{"id":94,"date":"2019-12-06T19:59:23","date_gmt":"2019-12-06T17:59:23","guid":{"rendered":"http:\/\/quadern-interficies-test.recursos.uoc.edu\/?page_id=94"},"modified":"2020-01-21T16:54:00","modified_gmt":"2020-01-21T14:54:00","slug":"2-2-2-comportamiento-de-su-contenido","status":"publish","type":"page","link":"http:\/\/quadern-interficies-test.recursos.uoc.edu\/es\/2-2-2-comportamiento-de-su-contenido\/","title":{"rendered":"2.2.2. Comportamiento de su contenido"},"content":{"rendered":"<p>En cuanto a la regularidad y la escala de los cambios de contenido, todos los sitios web pueden dividirse en dos grandes grupos: est\u00e1ticos (fijos) e interactivos (din\u00e1micos). En resumen, esta clasificaci\u00f3n se basa en la frecuencia con la que se actualiza el contenido del sitio web:<\/p>\n<ul>\n<li>Los sitios web <strong>est\u00e1ticos<\/strong> (fijos) son los b\u00e1sicos. A menudo no cambian su contenido y los usuarios no los actualizan. En su mayor\u00eda, los sitios web de este tipo est\u00e1n hechos para objetivos de informaci\u00f3n en lugar de interacciones. Por ejemplo, la web de <a href=\"http:\/\/www.apple.com\" target=\"_blank\" rel=\"noopener noreferrer\">Apple<\/a> es de tipo est\u00e1tico.<\/li>\n<li>Los sitios web <strong>interactivos<\/strong> (din\u00e1micos) son aquellos cuyo contenido se actualiza regularmente. Puede que incluso los diferentes usuarios a menudo vean informaci\u00f3n diferente. En cualquier sitio web de comercio electr\u00f3nico lo que se ve depende de m\u00faltiples factores, como la ubicaci\u00f3n, el historial de b\u00fasqueda del usuario, su inicio o cierre de sesi\u00f3n, la relevancia de algunos puestos para la temporada o productos m\u00e1s vendidos, etc. En estos ejemplos vemos que el sitio web actualiza su contenido constantemente. Adem\u00e1s, los usuarios pueden generar algo de contenido por s\u00ed mismos o personalizar lo que quieren ver con filtros y etiquetas. Interactuamos con los sitios web de este tipo con mucha m\u00e1s frecuencia que con los est\u00e1ticos; esto se debe, principalmente, a que los usuarios de internet a menudo hacen b\u00fasquedas muy intensas de informaci\u00f3n. Las webs de <a href=\"http:\/\/www.youtube.com\" target=\"_blank\" rel=\"noopener noreferrer\">YouTube<\/a>, <a href=\"http:\/\/www.amazon.com\" target=\"_blank\" rel=\"noopener noreferrer\">Amazon<\/a> o <a href=\"http:\/\/www.facebook.com\" target=\"_blank\" rel=\"noopener noreferrer\">Facebook<\/a> son ejemplos populares de sitios web din\u00e1micos.<\/li>\n<\/ul>\n","protected":false},"excerpt":{"rendered":"<p>En cuanto a la regularidad y la escala de los cambios de contenido, todos los sitios web pueden dividirse en dos grandes grupos: est\u00e1ticos (fijos) e interactivos (din\u00e1micos). En resumen, esta clasificaci\u00f3n se basa en la frecuencia con la que se actualiza el contenido del sitio web: Los sitios web est\u00e1ticos (fijos) son los b\u00e1sicos. [&hellip;]<\/p>\n","protected":false},"author":2,"featured_media":0,"parent":0,"menu_order":0,"comment_status":"closed","ping_status":"closed","template":"","meta":[],"_links":{"self":[{"href":"http:\/\/quadern-interficies-test.recursos.uoc.edu\/es\/wp-json\/wp\/v2\/pages\/94"}],"collection":[{"href":"http:\/\/quadern-interficies-test.recursos.uoc.edu\/es\/wp-json\/wp\/v2\/pages"}],"about":[{"href":"http:\/\/quadern-interficies-test.recursos.uoc.edu\/es\/wp-json\/wp\/v2\/types\/page"}],"author":[{"embeddable":true,"href":"http:\/\/quadern-interficies-test.recursos.uoc.edu\/es\/wp-json\/wp\/v2\/users\/2"}],"replies":[{"embeddable":true,"href":"http:\/\/quadern-interficies-test.recursos.uoc.edu\/es\/wp-json\/wp\/v2\/comments?post=94"}],"version-history":[{"count":2,"href":"http:\/\/quadern-interficies-test.recursos.uoc.edu\/es\/wp-json\/wp\/v2\/pages\/94\/revisions"}],"predecessor-version":[{"id":610,"href":"http:\/\/quadern-interficies-test.recursos.uoc.edu\/es\/wp-json\/wp\/v2\/pages\/94\/revisions\/610"}],"wp:attachment":[{"href":"http:\/\/quadern-interficies-test.recursos.uoc.edu\/es\/wp-json\/wp\/v2\/media?parent=94"}],"curies":[{"name":"wp","href":"https:\/\/api.w.org\/{rel}","templated":true}]}}