{"id":86,"date":"2019-12-06T19:52:01","date_gmt":"2019-12-06T17:52:01","guid":{"rendered":"http:\/\/quadern-interficies-test.recursos.uoc.edu\/?page_id=86"},"modified":"2020-01-21T16:52:36","modified_gmt":"2020-01-21T14:52:36","slug":"2-1-introduccion","status":"publish","type":"page","link":"http:\/\/quadern-interficies-test.recursos.uoc.edu\/es\/2-1-introduccion\/","title":{"rendered":"2.1. Introducci\u00f3n"},"content":{"rendered":"<p>En este apartado revisaremos qu\u00e9 tipos de sitios web existen, as\u00ed como cu\u00e1les son sus caracter\u00edsticas y funciones. Para ello, veremos varios ejemplos de sitios web. Ser\u00e1 recomendable visitar y explorar estas p\u00e1ginas a medida que avancemos con la unidad. Tambi\u00e9n estudiaremos los elementos de la experiencia de usuario en las diferentes capas del dise\u00f1o y c\u00f3mo estos se estructuran en arquitecturas de diferentes tipos con el fin de facilitar la navegaci\u00f3n. En las \u00faltimas secciones cubriremos los aspectos del dise\u00f1o sensorial (como, por ejemplo, el maqueado o la tipograf\u00eda), las estrategias cognitivas de interacci\u00f3n y describiremos las claves del dise\u00f1o adaptable o responsivo.<\/p>\n","protected":false},"excerpt":{"rendered":"<p>En este apartado revisaremos qu\u00e9 tipos de sitios web existen, as\u00ed como cu\u00e1les son sus caracter\u00edsticas y funciones. Para ello, veremos varios ejemplos de sitios web. Ser\u00e1 recomendable visitar y explorar estas p\u00e1ginas a medida que avancemos con la unidad. Tambi\u00e9n estudiaremos los elementos de la experiencia de usuario en las diferentes capas del dise\u00f1o [&hellip;]<\/p>\n","protected":false},"author":2,"featured_media":0,"parent":0,"menu_order":0,"comment_status":"closed","ping_status":"closed","template":"","meta":[],"_links":{"self":[{"href":"http:\/\/quadern-interficies-test.recursos.uoc.edu\/es\/wp-json\/wp\/v2\/pages\/86"}],"collection":[{"href":"http:\/\/quadern-interficies-test.recursos.uoc.edu\/es\/wp-json\/wp\/v2\/pages"}],"about":[{"href":"http:\/\/quadern-interficies-test.recursos.uoc.edu\/es\/wp-json\/wp\/v2\/types\/page"}],"author":[{"embeddable":true,"href":"http:\/\/quadern-interficies-test.recursos.uoc.edu\/es\/wp-json\/wp\/v2\/users\/2"}],"replies":[{"embeddable":true,"href":"http:\/\/quadern-interficies-test.recursos.uoc.edu\/es\/wp-json\/wp\/v2\/comments?post=86"}],"version-history":[{"count":2,"href":"http:\/\/quadern-interficies-test.recursos.uoc.edu\/es\/wp-json\/wp\/v2\/pages\/86\/revisions"}],"predecessor-version":[{"id":606,"href":"http:\/\/quadern-interficies-test.recursos.uoc.edu\/es\/wp-json\/wp\/v2\/pages\/86\/revisions\/606"}],"wp:attachment":[{"href":"http:\/\/quadern-interficies-test.recursos.uoc.edu\/es\/wp-json\/wp\/v2\/media?parent=86"}],"curies":[{"name":"wp","href":"https:\/\/api.w.org\/{rel}","templated":true}]}}