{"id":72,"date":"2019-12-06T19:16:33","date_gmt":"2019-12-06T17:16:33","guid":{"rendered":"http:\/\/quadern-interficies-test.recursos.uoc.edu\/?page_id=72"},"modified":"2020-01-21T16:49:30","modified_gmt":"2020-01-21T14:49:30","slug":"1-3-5-feedback-retroaccion","status":"publish","type":"page","link":"http:\/\/quadern-interficies-test.recursos.uoc.edu\/es\/1-3-5-feedback-retroaccion\/","title":{"rendered":"1.3.5. <em>Feedback<\/em> (retroacci\u00f3n)"},"content":{"rendered":"<div class=\"featured featured-blue\"><p>Es importante dar informaci\u00f3n inmediata al usuario sobre el estado del sistema y el resultado de sus acciones.<\/p>\n<\/div>\n<p>Sin <em>feedback<\/em> (ved <a href=\"http:\/\/design-toolkit.recursos.uoc.edu\/es\/retroaccion\/\" target=\"_blank\" rel=\"noopener noreferrer\">\u00abRetroacci\u00f3n\u00bb<\/a>), el usuario puede dudar si ha sucedido algo. Por ejemplo, puede pensar que no presion\u00f3 un bot\u00f3n lo suficiente, o puede creer que la m\u00e1quina ha dejado de funcionar. Sin <em>feedback<\/em> inmediato (en \u00abtiempo real\u00bb), el usuario podr\u00eda incluso llegar a apagar el sistema o reiniciarlo innecesariamente; la consecuencia de ellos ser\u00eda perder informaci\u00f3n reciente. En el contexto de una aplicaci\u00f3n, si hacer clic en un bot\u00f3n o enlace no produce un cambio perceptible e inmediato, el texto del bot\u00f3n debe cambiar para informar al usuario que la aplicaci\u00f3n se est\u00e1 cargando. Otra forma de hacerlo es mostrar una peque\u00f1a animaci\u00f3n giratoria al lado, informando al usuario que est\u00e1 ocurriendo un proceso. O, de hecho, puede hacer ambas cosas, cambiar el texto para decir \u00abCargando&#8230;\u00bb y mostrar la peque\u00f1a animaci\u00f3n de carga. Ahora, en lugar de mirar la misma ventana del navegador, el usuario sabr\u00e1 que su acci\u00f3n ha sido registrada y que algo est\u00e1 sucediendo.<\/p>\n<div class=\"featured featured-grey\"><p><strong>Ejercicio<\/strong><\/p>\n<p><a href=\"http:\/\/baddesigns.com\/\" target=\"_blank\" rel=\"noopener noreferrer\">Baddesigns<\/a> es una p\u00e1gina web que presenta una colecci\u00f3n de ejemplos ilustrados de objetos y herramientas de uso habitual que son dif\u00edciles de usar porque no siguen los principios y m\u00e9todos de dise\u00f1o de interacci\u00f3n y experiencia de usuario. Explora algunas de las interfaces, elige una y reflexiona sobre su dise\u00f1o en relaci\u00f3n con la naturalidad de su mapeo, sus <em>affordances<\/em> aparentes, <em>feedback<\/em> y restricciones.<\/p>\n<\/div>\n","protected":false},"excerpt":{"rendered":"<p>Sin feedback (ved \u00abRetroacci\u00f3n\u00bb), el usuario puede dudar si ha sucedido algo. Por ejemplo, puede pensar que no presion\u00f3 un bot\u00f3n lo suficiente, o puede creer que la m\u00e1quina ha dejado de funcionar. Sin feedback inmediato (en \u00abtiempo real\u00bb), el usuario podr\u00eda incluso llegar a apagar el sistema o reiniciarlo innecesariamente; la consecuencia de ellos [&hellip;]<\/p>\n","protected":false},"author":2,"featured_media":0,"parent":0,"menu_order":0,"comment_status":"closed","ping_status":"closed","template":"","meta":[],"_links":{"self":[{"href":"http:\/\/quadern-interficies-test.recursos.uoc.edu\/es\/wp-json\/wp\/v2\/pages\/72"}],"collection":[{"href":"http:\/\/quadern-interficies-test.recursos.uoc.edu\/es\/wp-json\/wp\/v2\/pages"}],"about":[{"href":"http:\/\/quadern-interficies-test.recursos.uoc.edu\/es\/wp-json\/wp\/v2\/types\/page"}],"author":[{"embeddable":true,"href":"http:\/\/quadern-interficies-test.recursos.uoc.edu\/es\/wp-json\/wp\/v2\/users\/2"}],"replies":[{"embeddable":true,"href":"http:\/\/quadern-interficies-test.recursos.uoc.edu\/es\/wp-json\/wp\/v2\/comments?post=72"}],"version-history":[{"count":4,"href":"http:\/\/quadern-interficies-test.recursos.uoc.edu\/es\/wp-json\/wp\/v2\/pages\/72\/revisions"}],"predecessor-version":[{"id":601,"href":"http:\/\/quadern-interficies-test.recursos.uoc.edu\/es\/wp-json\/wp\/v2\/pages\/72\/revisions\/601"}],"wp:attachment":[{"href":"http:\/\/quadern-interficies-test.recursos.uoc.edu\/es\/wp-json\/wp\/v2\/media?parent=72"}],"curies":[{"name":"wp","href":"https:\/\/api.w.org\/{rel}","templated":true}]}}