{"id":69,"date":"2019-12-06T19:11:36","date_gmt":"2019-12-06T17:11:36","guid":{"rendered":"http:\/\/quadern-interficies-test.recursos.uoc.edu\/?page_id=69"},"modified":"2020-01-21T16:48:35","modified_gmt":"2020-01-21T14:48:35","slug":"1-3-4-significantes","status":"publish","type":"page","link":"http:\/\/quadern-interficies-test.recursos.uoc.edu\/es\/1-3-4-significantes\/","title":{"rendered":"1.3.4. Significantes"},"content":{"rendered":"<p>Si una <em>affordance<\/em> o <em>anti-affordance<\/em> no se puede percibir, se requieren algunos medios para se\u00f1alar su presencia; estos medios se llaman <strong>significantes<\/strong>.<\/p>\n<blockquote><p>Los significantes pueden ser deliberados e intencionales, como el signo empujar una puerta, pero tambi\u00e9n pueden ser accidentales y no intencionales, como nuestro uso del sendero visible que han hecho las personas que caminaron anteriormente a trav\u00e9s de un campo o sobre un terreno cubierto de nieve para determinar el mejor camino. O c\u00f3mo podr\u00edamos usar la presencia o ausencia de personas esperando en una estaci\u00f3n de tren para determinar si hemos perdido el tren.<\/p><\/blockquote>\n<div class=\"blockquote-author\"><p>Don Norman (1988). <em>The Design of Everyday Things<\/em>. Nueva York: Basic Books.<\/p>\n<\/div>\n","protected":false},"excerpt":{"rendered":"<p>Si una affordance o anti-affordance no se puede percibir, se requieren algunos medios para se\u00f1alar su presencia; estos medios se llaman significantes. Los significantes pueden ser deliberados e intencionales, como el signo empujar una puerta, pero tambi\u00e9n pueden ser accidentales y no intencionales, como nuestro uso del sendero visible que han hecho las personas que [&hellip;]<\/p>\n","protected":false},"author":2,"featured_media":0,"parent":0,"menu_order":0,"comment_status":"closed","ping_status":"closed","template":"","meta":[],"_links":{"self":[{"href":"http:\/\/quadern-interficies-test.recursos.uoc.edu\/es\/wp-json\/wp\/v2\/pages\/69"}],"collection":[{"href":"http:\/\/quadern-interficies-test.recursos.uoc.edu\/es\/wp-json\/wp\/v2\/pages"}],"about":[{"href":"http:\/\/quadern-interficies-test.recursos.uoc.edu\/es\/wp-json\/wp\/v2\/types\/page"}],"author":[{"embeddable":true,"href":"http:\/\/quadern-interficies-test.recursos.uoc.edu\/es\/wp-json\/wp\/v2\/users\/2"}],"replies":[{"embeddable":true,"href":"http:\/\/quadern-interficies-test.recursos.uoc.edu\/es\/wp-json\/wp\/v2\/comments?post=69"}],"version-history":[{"count":2,"href":"http:\/\/quadern-interficies-test.recursos.uoc.edu\/es\/wp-json\/wp\/v2\/pages\/69\/revisions"}],"predecessor-version":[{"id":598,"href":"http:\/\/quadern-interficies-test.recursos.uoc.edu\/es\/wp-json\/wp\/v2\/pages\/69\/revisions\/598"}],"wp:attachment":[{"href":"http:\/\/quadern-interficies-test.recursos.uoc.edu\/es\/wp-json\/wp\/v2\/media?parent=69"}],"curies":[{"name":"wp","href":"https:\/\/api.w.org\/{rel}","templated":true}]}}