{"id":64,"date":"2019-12-06T19:05:46","date_gmt":"2019-12-06T17:05:46","guid":{"rendered":"http:\/\/quadern-interficies-test.recursos.uoc.edu\/?page_id=64"},"modified":"2020-01-21T16:48:11","modified_gmt":"2020-01-21T14:48:11","slug":"1-3-3-perceived-affordances","status":"publish","type":"page","link":"http:\/\/quadern-interficies-test.recursos.uoc.edu\/es\/1-3-3-perceived-affordances\/","title":{"rendered":"1.3.3. <em>Perceived affordances<\/em>"},"content":{"rendered":"<div class=\"featured featured-blue\"><p><a href=\"http:\/\/design-toolkit.recursos.uoc.edu\/es\/affordance\/\" target=\"_blank\" rel=\"noopener noreferrer\"><em>Affordance<\/em><\/a> significa \u2018posibilidad\u2019.<\/p>\n<\/div>\n<p>Podemos imaginar una taza y todos los modos de interactuar con ella como diferentes <em>affordances<\/em>. Cogerla de la asa para llev\u00e1rsela a la boca y beber ser\u00eda un <em>affordance<\/em> particular. Otro <em>affordance<\/em> podr\u00eda ser tomarla con la yema de los dedos desde el borde superior para desplazarla sobre una mesa. Todos los objetos tienen m\u00faltiples <em>affordances<\/em> que pueden o no ser percibidas, y seleccionamos cu\u00e1l de ellas ejecutar dependiendo del objetivo de la interacci\u00f3n que hemos planeado. Las <em>affordances<\/em> percibidas son las acciones que el usuario percibe que puede hacer con un dispositivo u objeto, es decir, \u00bfc\u00f3mo hago para usar esta cosa? \u00bfLo opero as\u00ed tirando de esta palanca, o lo giro? La construcci\u00f3n y el dise\u00f1o de la interfaz producir\u00e1n diferentes <em>affordances<\/em> percibidas; por ejemplo, un bot\u00f3n que parece un bot\u00f3n enviar\u00e1 el mensaje al usuario de qu\u00e9 debe presionar.<\/p>\n<div class=\"featured featured-blue\"><p>Por el contrario, las <a href=\"javascript:void(0);\" class=\"tooltip\" data-toggle=\"popover\" data-placement=\"bottom\" data-content=\"Tambi\u00e9n llamadas <a href='http:\/\/disseny.recursos.uoc.edu\/materials\/interface-toolkit\/es\/restricciones\/' target='_blank'>restricciones<\/a> o <em>forcing functions<\/em>.\" data-placement=\"top\" data-html=\"true\" ><em>anti-affordances<\/em><\/a> son elementos que limitan o previenen la interacci\u00f3n, y para ser ello efectivo es importante que estos sean f\u00e1cilmente perceptibles.<\/p>\n<\/div>\n<p>La barandilla de una escalera previene que los usuarios caigan por el lateral accidentalmente; este ser\u00eda un ejemplo de <em>anti-affordance<\/em>.<\/p>\n<div class=\"featured featured-grey\"><p><strong>Ejercicio<\/strong><\/p>\n<p>Identificad un objeto que por su dise\u00f1o os ha llevado a percibir <em>affordances<\/em> que realmente no eran posibles.<\/p>\n<\/div>\n","protected":false},"excerpt":{"rendered":"<p>Podemos imaginar una taza y todos los modos de interactuar con ella como diferentes affordances. Cogerla de la asa para llev\u00e1rsela a la boca y beber ser\u00eda un affordance particular. Otro affordance podr\u00eda ser tomarla con la yema de los dedos desde el borde superior para desplazarla sobre una mesa. Todos los objetos tienen m\u00faltiples [&hellip;]<\/p>\n","protected":false},"author":2,"featured_media":0,"parent":0,"menu_order":0,"comment_status":"closed","ping_status":"closed","template":"","meta":[],"_links":{"self":[{"href":"http:\/\/quadern-interficies-test.recursos.uoc.edu\/es\/wp-json\/wp\/v2\/pages\/64"}],"collection":[{"href":"http:\/\/quadern-interficies-test.recursos.uoc.edu\/es\/wp-json\/wp\/v2\/pages"}],"about":[{"href":"http:\/\/quadern-interficies-test.recursos.uoc.edu\/es\/wp-json\/wp\/v2\/types\/page"}],"author":[{"embeddable":true,"href":"http:\/\/quadern-interficies-test.recursos.uoc.edu\/es\/wp-json\/wp\/v2\/users\/2"}],"replies":[{"embeddable":true,"href":"http:\/\/quadern-interficies-test.recursos.uoc.edu\/es\/wp-json\/wp\/v2\/comments?post=64"}],"version-history":[{"count":4,"href":"http:\/\/quadern-interficies-test.recursos.uoc.edu\/es\/wp-json\/wp\/v2\/pages\/64\/revisions"}],"predecessor-version":[{"id":597,"href":"http:\/\/quadern-interficies-test.recursos.uoc.edu\/es\/wp-json\/wp\/v2\/pages\/64\/revisions\/597"}],"wp:attachment":[{"href":"http:\/\/quadern-interficies-test.recursos.uoc.edu\/es\/wp-json\/wp\/v2\/media?parent=64"}],"curies":[{"name":"wp","href":"https:\/\/api.w.org\/{rel}","templated":true}]}}