{"id":56,"date":"2019-12-06T16:22:01","date_gmt":"2019-12-06T14:22:01","guid":{"rendered":"http:\/\/quadern-interficies-test.recursos.uoc.edu\/?page_id=56"},"modified":"2020-01-21T16:46:46","modified_gmt":"2020-01-21T14:46:46","slug":"1-3-1-introduccion","status":"publish","type":"page","link":"http:\/\/quadern-interficies-test.recursos.uoc.edu\/es\/1-3-1-introduccion\/","title":{"rendered":"1.3.1. Introducci\u00f3n"},"content":{"rendered":"<p><a href=\"https:\/\/en.wikipedia.org\/wiki\/Don_Norman\" target=\"_blank\" rel=\"noopener noreferrer\">Don Norman<\/a>, gran defensor del dise\u00f1o centrado en el usuario, identifica tres niveles en el dise\u00f1o de interfaces: el visceral, el conductual y el reflexivo. El nivel<strong> visceral<\/strong> de dise\u00f1o se refiere a la primera impresi\u00f3n de un dise\u00f1o, su belleza, tanto en t\u00e9rminos de c\u00f3mo el usuario percibe el producto como de las sensaciones que le genera. El nivel <strong>conductual <\/strong>o de comportamiento se refiere a la experiencia del producto en uso, su funcionalidad. A menudo pensamos en este nivel cuando nos referimos a la experiencia del usuario. Por \u00faltimo, el nivel<strong> reflexivo<\/strong> apela a las reflexiones conscientes del usuario sobre el producto, antes, durante y despu\u00e9s del uso. En este nivel nos preguntamos: \u00bfpuedo contar una historia sobre ello? \u00bfEs coherente con mi imagen? Los tres niveles se combinan para formar toda la experiencia del producto. En su libro <em>The Design of Everyday Things<\/em>, Don Norman lista cuatro principios que gu\u00edan el dise\u00f1o de interfaces:<\/p>\n<ol>\n<li><em>Natural mapping<\/em><\/li>\n<li><em>Perceived affordances<\/em><\/li>\n<li>Significantes<\/li>\n<li><em>Feedback<\/em> (retroacci\u00f3n)<\/li>\n<\/ol>\n","protected":false},"excerpt":{"rendered":"<p>Don Norman, gran defensor del dise\u00f1o centrado en el usuario, identifica tres niveles en el dise\u00f1o de interfaces: el visceral, el conductual y el reflexivo. El nivel visceral de dise\u00f1o se refiere a la primera impresi\u00f3n de un dise\u00f1o, su belleza, tanto en t\u00e9rminos de c\u00f3mo el usuario percibe el producto como de las sensaciones [&hellip;]<\/p>\n","protected":false},"author":2,"featured_media":0,"parent":0,"menu_order":0,"comment_status":"closed","ping_status":"closed","template":"","meta":[],"_links":{"self":[{"href":"http:\/\/quadern-interficies-test.recursos.uoc.edu\/es\/wp-json\/wp\/v2\/pages\/56"}],"collection":[{"href":"http:\/\/quadern-interficies-test.recursos.uoc.edu\/es\/wp-json\/wp\/v2\/pages"}],"about":[{"href":"http:\/\/quadern-interficies-test.recursos.uoc.edu\/es\/wp-json\/wp\/v2\/types\/page"}],"author":[{"embeddable":true,"href":"http:\/\/quadern-interficies-test.recursos.uoc.edu\/es\/wp-json\/wp\/v2\/users\/2"}],"replies":[{"embeddable":true,"href":"http:\/\/quadern-interficies-test.recursos.uoc.edu\/es\/wp-json\/wp\/v2\/comments?post=56"}],"version-history":[{"count":2,"href":"http:\/\/quadern-interficies-test.recursos.uoc.edu\/es\/wp-json\/wp\/v2\/pages\/56\/revisions"}],"predecessor-version":[{"id":593,"href":"http:\/\/quadern-interficies-test.recursos.uoc.edu\/es\/wp-json\/wp\/v2\/pages\/56\/revisions\/593"}],"wp:attachment":[{"href":"http:\/\/quadern-interficies-test.recursos.uoc.edu\/es\/wp-json\/wp\/v2\/media?parent=56"}],"curies":[{"name":"wp","href":"https:\/\/api.w.org\/{rel}","templated":true}]}}