{"id":52,"date":"2019-12-06T16:17:22","date_gmt":"2019-12-06T14:17:22","guid":{"rendered":"http:\/\/quadern-interficies-test.recursos.uoc.edu\/?page_id=52"},"modified":"2020-01-21T16:46:19","modified_gmt":"2020-01-21T14:46:19","slug":"1-2-la-importancia-de-un-buen-diseno","status":"publish","type":"page","link":"http:\/\/quadern-interficies-test.recursos.uoc.edu\/es\/1-2-la-importancia-de-un-buen-diseno\/","title":{"rendered":"1.2. La importancia de un buen dise\u00f1o"},"content":{"rendered":"<div class=\"featured featured-blue\"><p>El dise\u00f1o de interfaces persigue un objetivo fundamental: facilitar a las personas el acceso a las tecnolog\u00edas digitales para que as\u00ed puedan aprovechar su potencial de forma \u00f3ptima y sostenible.<\/p>\n<\/div>\n<p>Es por esta raz\u00f3n que crear un buen dise\u00f1o de interfaz exige conocer cu\u00e1les son las capacidades y necesidades humanas; debe basarse en los principios de los factores humanos. En este sentido, los avances en el campo de la psicolog\u00eda de la percepci\u00f3n visual dictan la evoluci\u00f3n del <a href=\"http:\/\/design-toolkit.recursos.uoc.edu\/es\/diseno-centrado-en-las-personas\/\" target=\"_blank\" rel=\"noopener noreferrer\">dise\u00f1o centrado en las personas (DCP)<\/a> con el fin de lograr la mejor manera de proyectar y componer interfaces gr\u00e1ficas usables y est\u00e9ticas. El dise\u00f1ador no ocupa su lugar para producir algo est\u00e9tico o algo que quiera usar por sus propios intereses; se encarga de guiar al usuario a trav\u00e9s de la experiencia de uso desde el primer momento en que la persona percibe el dispositivo o el programa en cuesti\u00f3n. Desde este primer instante, el usuario quiere saber\u00a0<strong>qu\u00e9 puede hacer<\/strong> y <strong>qu\u00e9 est\u00e1 haciendo<\/strong> con el producto. Cuando un dise\u00f1o no es capaz de resolver estas dos cuestiones aparecen el mal uso, los malentendidos y los errores. En este escenario, \u00bfqui\u00e9n asume la culpa? Por defecto lo tiende a hacer el usuario, derivando en un sentimiento de frustraci\u00f3n y rechazo. Sin embargo, realmente la culpa del mal uso no suele ser del usuario, sino del dise\u00f1ador, y suele deberse a que el dise\u00f1o no ha conseguido:<\/p>\n<ol>\n<li>Comunicar al usuario qu\u00e9 puede hacer con el producto y c\u00f3mo sacar partido de sus caracter\u00edsticas.<\/li>\n<li>Crear un flujo de interacciones que minimice la posibilidad de experimentar errores.<\/li>\n<li>Guiar al usuario evitando que se desv\u00ede de su objetivo.<\/li>\n<\/ol>\n","protected":false},"excerpt":{"rendered":"<p>Es por esta raz\u00f3n que crear un buen dise\u00f1o de interfaz exige conocer cu\u00e1les son las capacidades y necesidades humanas; debe basarse en los principios de los factores humanos. En este sentido, los avances en el campo de la psicolog\u00eda de la percepci\u00f3n visual dictan la evoluci\u00f3n del dise\u00f1o centrado en las personas (DCP) con [&hellip;]<\/p>\n","protected":false},"author":2,"featured_media":0,"parent":0,"menu_order":0,"comment_status":"closed","ping_status":"closed","template":"","meta":[],"_links":{"self":[{"href":"http:\/\/quadern-interficies-test.recursos.uoc.edu\/es\/wp-json\/wp\/v2\/pages\/52"}],"collection":[{"href":"http:\/\/quadern-interficies-test.recursos.uoc.edu\/es\/wp-json\/wp\/v2\/pages"}],"about":[{"href":"http:\/\/quadern-interficies-test.recursos.uoc.edu\/es\/wp-json\/wp\/v2\/types\/page"}],"author":[{"embeddable":true,"href":"http:\/\/quadern-interficies-test.recursos.uoc.edu\/es\/wp-json\/wp\/v2\/users\/2"}],"replies":[{"embeddable":true,"href":"http:\/\/quadern-interficies-test.recursos.uoc.edu\/es\/wp-json\/wp\/v2\/comments?post=52"}],"version-history":[{"count":2,"href":"http:\/\/quadern-interficies-test.recursos.uoc.edu\/es\/wp-json\/wp\/v2\/pages\/52\/revisions"}],"predecessor-version":[{"id":592,"href":"http:\/\/quadern-interficies-test.recursos.uoc.edu\/es\/wp-json\/wp\/v2\/pages\/52\/revisions\/592"}],"wp:attachment":[{"href":"http:\/\/quadern-interficies-test.recursos.uoc.edu\/es\/wp-json\/wp\/v2\/media?parent=52"}],"curies":[{"name":"wp","href":"https:\/\/api.w.org\/{rel}","templated":true}]}}