{"id":210,"date":"2019-12-08T12:10:00","date_gmt":"2019-12-08T10:10:00","guid":{"rendered":"http:\/\/quadern-interficies-test.recursos.uoc.edu\/?page_id=210"},"modified":"2020-01-21T17:42:47","modified_gmt":"2020-01-21T15:42:47","slug":"5-4-referencias","status":"publish","type":"page","link":"http:\/\/quadern-interficies-test.recursos.uoc.edu\/es\/5-4-referencias\/","title":{"rendered":"5.4. Referencias"},"content":{"rendered":"<p><strong>Anuj Adhiya<\/strong>. \u00abDisabilities Be Damned. Tings That Improve The Quality Of Life For The Disabled\u00bb. How we use.: &lt;<a href=\"https:\/\/www.producthunt.com\/@anujadhiya\/collections\/disabilities-be-damned\" target=\"_blank\" rel=\"noopener noreferrer\">https:\/\/www.producthunt.com\/@anujadhiya\/collections\/disabilities-be-damned<\/a>&gt;<\/p>\n<p><strong>Carroll, J. M.; Kjeldskov, J.<\/strong> (2013). \u00abDesign for All\u00bb. <em>The encyclopedia of human-computer interaction<\/em>. Interaction Design Foundation. &lt;<a href=\"https:\/\/www.interaction-design.org\/literature\/book\/the-encyclopedia-of-human-computer-interaction-2nd-ed\/design-4-all\" target=\"_blank\" rel=\"noopener noreferrer\">https:\/\/www.interaction-design.org\/literature\/book\/the-encyclopedia-of-human-computer-interaction-2nd-ed\/design-4-all<\/a>&gt;<\/p>\n<p><strong>Carroll, J. M.; Kjeldskov, J.<\/strong> (2013). \u00abMobile Computing\u00bb. <em>The encyclopedia of human-computer interaction<\/em>. Interaction Design Foundation. &lt;<a href=\"https:\/\/www.interaction-design.org\/literature\/book\/the-encyclopedia-of-human-computer-interaction-2nd-ed\/mobile-computing\" target=\"_blank\" rel=\"noopener noreferrer\">https:\/\/www.interaction-design.org\/literature\/book\/the-encyclopedia-of-human-computer-interaction-2nd-ed\/mobile-computing<\/a>&gt;<\/p>\n<p><strong>Carroll, J. M.; Kjeldskov, J.<\/strong> (2013). \u00abTactile interaction\u00bb. <em>The encyclopedia of human-computer interaction<\/em>. Interaction Design Foundation. &lt;<a href=\"https:\/\/www.interaction-design.org\/literature\/book\/the-encyclopedia-of-human-computer-interaction-2nd-ed\/tactile-interaction\" target=\"_blank\" rel=\"noopener noreferrer\">https:\/\/www.interaction-design.org\/literature\/book\/the-encyclopedia-of-human-computer-interaction-2nd-ed\/tactile-interaction<\/a>&gt;<\/p>\n<p><strong>Carroll, J. M.; Kjeldskov, J.<\/strong> (2013). \u00abWearable Computing\u00bb. <em>The encyclopedia of human-computer interaction<\/em>. Interaction Design Foundation. &lt;<a href=\"https:\/\/www.interaction-design.org\/literature\/book\/the-encyclopedia-of-human-computer-interaction-2nd-ed\/wearable-computing\" target=\"_blank\" rel=\"noopener noreferrer\">https:\/\/www.interaction-design.org\/literature\/book\/the-encyclopedia-of-human-computer-interaction-2nd-ed\/wearable-computing<\/a>&gt;<\/p>\n<p><strong>Chen, H. E.; Lin, Y. Y.; Chen, C. H.; Wang, I. <\/strong>(2015, abril). \u00abBlindNavi: A navigation app for the visually impaired smartphone user\u00bb. <em>Proceedings of the 33rd annual ACM conference extended abstracts on human factors in computing systems<\/em> (p\u00e1gs. 19-24). ACM.<\/p>\n<p>Filtro para evaluar la adecuaci\u00f3n de un dise\u00f1o a los usuarios dalt\u00f3nicos, <strong>\u00abColor Oracle\u00bb<\/strong>: &lt;<a href=\"https:\/\/colororacle.org\/\" target=\"_blank\" rel=\"noopener noreferrer\">https:\/\/colororacle.org\/<\/a>&gt;<\/p>\n<p><strong>Story, M. F.<\/strong> (1998). \u00abMaximizing usability: the principles of universal design\u00bb. <em>Assistive Technology <\/em>(vol. 1, n\u00fam. 10, p\u00e1gs. 4-12). &lt;<a href=\"https:\/\/uiowa.instructure.com\/files\/3213466\/download?download_frd=1\" target=\"_blank\" rel=\"noopener noreferrer\">https:\/\/uiowa.instructure.com\/files\/3213466\/download?download_frd=1<\/a>&gt;<\/p>\n<p><strong>Thilarajah, S.; Clark, R. A.; Williams, G.<\/strong> (2016). \u00abWearable sensors and Mobile Health (mHealth) technologies to assess and promote physical activity in stroke: a narrative review\u00bb. <em>Brain Impairment<\/em> (vol. 1, n\u00fam. 17, p\u00e1gs. 34-42).<\/p>\n","protected":false},"excerpt":{"rendered":"<p>Anuj Adhiya. \u00abDisabilities Be Damned. Tings That Improve The Quality Of Life For The Disabled\u00bb. How we use.: &lt;https:\/\/www.producthunt.com\/@anujadhiya\/collections\/disabilities-be-damned&gt; Carroll, J. M.; Kjeldskov, J. (2013). \u00abDesign for All\u00bb. The encyclopedia of human-computer interaction. Interaction Design Foundation. &lt;https:\/\/www.interaction-design.org\/literature\/book\/the-encyclopedia-of-human-computer-interaction-2nd-ed\/design-4-all&gt; Carroll, J. M.; Kjeldskov, J. (2013). \u00abMobile Computing\u00bb. The encyclopedia of human-computer interaction. Interaction Design Foundation. &lt;https:\/\/www.interaction-design.org\/literature\/book\/the-encyclopedia-of-human-computer-interaction-2nd-ed\/mobile-computing&gt; Carroll, [&hellip;]<\/p>\n","protected":false},"author":2,"featured_media":0,"parent":0,"menu_order":0,"comment_status":"closed","ping_status":"closed","template":"","meta":[],"_links":{"self":[{"href":"http:\/\/quadern-interficies-test.recursos.uoc.edu\/es\/wp-json\/wp\/v2\/pages\/210"}],"collection":[{"href":"http:\/\/quadern-interficies-test.recursos.uoc.edu\/es\/wp-json\/wp\/v2\/pages"}],"about":[{"href":"http:\/\/quadern-interficies-test.recursos.uoc.edu\/es\/wp-json\/wp\/v2\/types\/page"}],"author":[{"embeddable":true,"href":"http:\/\/quadern-interficies-test.recursos.uoc.edu\/es\/wp-json\/wp\/v2\/users\/2"}],"replies":[{"embeddable":true,"href":"http:\/\/quadern-interficies-test.recursos.uoc.edu\/es\/wp-json\/wp\/v2\/comments?post=210"}],"version-history":[{"count":5,"href":"http:\/\/quadern-interficies-test.recursos.uoc.edu\/es\/wp-json\/wp\/v2\/pages\/210\/revisions"}],"predecessor-version":[{"id":667,"href":"http:\/\/quadern-interficies-test.recursos.uoc.edu\/es\/wp-json\/wp\/v2\/pages\/210\/revisions\/667"}],"wp:attachment":[{"href":"http:\/\/quadern-interficies-test.recursos.uoc.edu\/es\/wp-json\/wp\/v2\/media?parent=210"}],"curies":[{"name":"wp","href":"https:\/\/api.w.org\/{rel}","templated":true}]}}