{"id":193,"date":"2019-12-08T11:33:08","date_gmt":"2019-12-08T09:33:08","guid":{"rendered":"http:\/\/quadern-interficies-test.recursos.uoc.edu\/?page_id=193"},"modified":"2020-01-21T17:40:37","modified_gmt":"2020-01-21T15:40:37","slug":"5-2-los-principios-del-diseno-universal","status":"publish","type":"page","link":"http:\/\/quadern-interficies-test.recursos.uoc.edu\/es\/5-2-los-principios-del-diseno-universal\/","title":{"rendered":"5.2. Los principios del dise\u00f1o universal"},"content":{"rendered":"<p>Los <strong>siete principios del dise\u00f1o universal<\/strong> fueron desarrollados en 1997 por un grupo de trabajo de arquitectos, dise\u00f1adores de productos, ingenieros e investigadores de dise\u00f1o ambiental, dirigido por Ronald Mace, en la Universidad Estatal de Carolina del Norte.<\/p>\n<div class=\"featured featured-blue\"><p>Los principios \u00abpueden aplicarse para evaluar los dise\u00f1os existentes, guiar el proceso de dise\u00f1o y educar tanto a los dise\u00f1adores como a los consumidores sobre las caracter\u00edsticas de los productos y entornos m\u00e1s utilizables\u00bb.<\/p>\n<\/div>\n<p>Los siete principios son los siguientes (Story, 1998):<\/p>\n<ol>\n<li><strong>Uso equitativo<\/strong>: el dise\u00f1o es \u00fatil y comercializable para personas con habilidades diversas.<\/li>\n<li><strong>Flexibilidad de uso<\/strong>: el dise\u00f1o se adapta a una amplia gama de preferencias y habilidades individuales.<\/li>\n<li><strong>Simple e intuitivo<\/strong>: el uso del dise\u00f1o es f\u00e1cil de entender, independientemente de la experiencia del usuario, el conocimiento, las habilidades ling\u00fc\u00edsticas o el nivel de concentraci\u00f3n actual.<\/li>\n<li><strong>Informaci\u00f3n perceptible<\/strong>: el dise\u00f1o comunica la informaci\u00f3n necesaria de manera efectiva al usuario, independientemente de las condiciones ambientales o las capacidades sensoriales del usuario.<\/li>\n<li><strong>Tolerancia al error<\/strong>: el dise\u00f1o minimiza los riesgos y las consecuencias adversas de acciones accidentales o no intencionadas.<\/li>\n<li><strong>Bajo esfuerzo f\u00edsico<\/strong>: el dise\u00f1o se puede usar de manera eficiente y c\u00f3moda y con un m\u00ednimo de fatiga.<\/li>\n<li><strong>Tama\u00f1o y espacio para aproximaci\u00f3n y uso<\/strong>: se proporciona el tama\u00f1o y espacio apropiados para aproximaci\u00f3n, alcance, manipulaci\u00f3n y uso, independientemente del tama\u00f1o corporal, la postura o la movilidad del usuario.<\/li>\n<\/ol>\n<p><strong>Story, M. S.<\/strong> (1998). \u00abMaximizing Usability: The Principles of Universal Design\u00bb. <em>Assistive Technology <\/em>(vol. 1, n\u00fam. 10, p\u00e1gs. 4-12).<\/p>\n<div class=\"featured featured-grey\"><p><strong>Ejercicio<\/strong><\/p>\n<p>Seleccionad uno de los casos trabajados en el primer ejercicio del apartado \u00ab5.1. La importancia de dise\u00f1ar para la inclusi\u00f3n\u00bb y analizad su dise\u00f1o aplicando los siete principios del dise\u00f1o universal. Cuando termin\u00e9is, descargad la aplicaci\u00f3n BlindNavi (<a href=\"http:\/\/blindnavi.webflow.io\/\" target=\"_blank\" rel=\"noopener noreferrer\">http:\/\/blindnavi.webflow.io\/<\/a>) y explorad su interfaz. Identificad un problema de accesibilidad de la interfaz de BlindNavi y proponed una mejor\u00eda o extensi\u00f3n basada en los principios del dise\u00f1o inclusivo. Encontrar\u00e9is m\u00e1s detalles sobre el dise\u00f1o de BlindNavi en el art\u00edculo \u00abA navigation app for the visually impaired smartphone user. In Proceedings of the 33rd annual ACM conference extended abstracts on human factors in computing systems\u00bb (p\u00e1gs. 19-24).<em> ACM.<\/em><\/p>\n<\/div>\n","protected":false},"excerpt":{"rendered":"<p>Los siete principios del dise\u00f1o universal fueron desarrollados en 1997 por un grupo de trabajo de arquitectos, dise\u00f1adores de productos, ingenieros e investigadores de dise\u00f1o ambiental, dirigido por Ronald Mace, en la Universidad Estatal de Carolina del Norte. Los siete principios son los siguientes (Story, 1998): Uso equitativo: el dise\u00f1o es \u00fatil y comercializable para [&hellip;]<\/p>\n","protected":false},"author":2,"featured_media":0,"parent":0,"menu_order":0,"comment_status":"closed","ping_status":"closed","template":"","meta":[],"_links":{"self":[{"href":"http:\/\/quadern-interficies-test.recursos.uoc.edu\/es\/wp-json\/wp\/v2\/pages\/193"}],"collection":[{"href":"http:\/\/quadern-interficies-test.recursos.uoc.edu\/es\/wp-json\/wp\/v2\/pages"}],"about":[{"href":"http:\/\/quadern-interficies-test.recursos.uoc.edu\/es\/wp-json\/wp\/v2\/types\/page"}],"author":[{"embeddable":true,"href":"http:\/\/quadern-interficies-test.recursos.uoc.edu\/es\/wp-json\/wp\/v2\/users\/2"}],"replies":[{"embeddable":true,"href":"http:\/\/quadern-interficies-test.recursos.uoc.edu\/es\/wp-json\/wp\/v2\/comments?post=193"}],"version-history":[{"count":2,"href":"http:\/\/quadern-interficies-test.recursos.uoc.edu\/es\/wp-json\/wp\/v2\/pages\/193\/revisions"}],"predecessor-version":[{"id":663,"href":"http:\/\/quadern-interficies-test.recursos.uoc.edu\/es\/wp-json\/wp\/v2\/pages\/193\/revisions\/663"}],"wp:attachment":[{"href":"http:\/\/quadern-interficies-test.recursos.uoc.edu\/es\/wp-json\/wp\/v2\/media?parent=193"}],"curies":[{"name":"wp","href":"https:\/\/api.w.org\/{rel}","templated":true}]}}