{"id":137,"date":"2019-12-06T22:04:49","date_gmt":"2019-12-06T20:04:49","guid":{"rendered":"http:\/\/quadern-interficies-test.recursos.uoc.edu\/?page_id=137"},"modified":"2020-01-21T17:04:19","modified_gmt":"2020-01-21T15:04:19","slug":"2-6-atencion-e-intencion","status":"publish","type":"page","link":"http:\/\/quadern-interficies-test.recursos.uoc.edu\/es\/2-6-atencion-e-intencion\/","title":{"rendered":"2.6. Atenci\u00f3n e intenci\u00f3n"},"content":{"rendered":"<p>Detr\u00e1s de cada interacci\u00f3n que un usuario inicia conscientemente hay una necesidad. El trabajo de dise\u00f1o siempre debe partir de esta premisa y comenzar desde el plano de la estrategia y el \u00e1mbito a definir las necesidades y requerimientos de usuario. Tampoco podemos asumir que todos los usuarios que lleguen a nuestro producto van a emplear estrategias id\u00e9nticas. Por ejemplo, para satisfacer una necesidad de informaci\u00f3n, el usuario podr\u00e1 buscar informaci\u00f3n de piezas espec\u00edficas (por ejemplo, noticias diarias del campo de la pol\u00edtica), o podr\u00e1 proceder de forma inespec\u00edfica y explorar el contenido m\u00e1s libremente para averiguar qu\u00e9 informaci\u00f3n le interesa m\u00e1s. Blair-Early y Zender describen este \u00abcontinuo de intenci\u00f3n\u00bb y ubican un tipo de usuario llamado <em>cazador<\/em> y otro llamado <em>navegador<\/em> en ambos extremos de este continuo (Blair-Early y Zender, 2008):<\/p>\n<ul>\n<li>El <strong>cazador<\/strong> ya sabe lo que est\u00e1 buscando y tiene un objetivo claro en mente. Su intenci\u00f3n es espec\u00edfica. Para \u00e9l, sus acciones consisten en identificar los medios apropiados para lograr su objetivo. Los patrones de interacci\u00f3n t\u00edpicos que cumplen esta intenci\u00f3n son las funciones de b\u00fasqueda, las caracter\u00edsticas de etiquetado y la navegaci\u00f3n a trav\u00e9s de men\u00fas. Por lo tanto, su atenci\u00f3n se centra en identificar funciones y evaluar si ayudan a lograr el objetivo. Por lo tanto, dado que el foco de atenci\u00f3n est\u00e1 en <strong>evaluar los patrones<\/strong>, la mayor\u00eda de los recursos mentales se les distribuye a ellos, y no a evaluar el contenido.<\/li>\n<li>El <strong>navegador<\/strong> a\u00fan no sabe lo que est\u00e1 buscando. Su intenci\u00f3n es inespec\u00edfica porque a\u00fan no conoce su objetivo. Para \u00e9l, no se trata de evaluar funciones, se trata de contenido. Porque trata de averiguar qu\u00e9 contenidos podr\u00edan ser adecuados para \u00e9l. Aqu\u00ed, se pueden encontrar patrones de interacci\u00f3n como p\u00e1ginas de resumen o <em>feeds<\/em>. En este caso, dado que el foco de atenci\u00f3n est\u00e1 en la <strong>evaluaci\u00f3n del contenido<\/strong>, los medios utilizados deben ser tan f\u00e1ciles de entender y usar como sea posible para que no haya lucha por el foco de atenci\u00f3n.<\/li>\n<\/ul>\n<div class=\"featured featured-grey\"><p><strong>Ejercicio<\/strong><\/p>\n<p>En ocasiones, necesitaremos adaptar el dise\u00f1o de nuestra interfaz a diferentes estrategias de usuario. Elegid cu\u00e1les de los siguientes elementos de interfaz pueden servir al usuario cazador y cu\u00e1les ser\u00edan \u00fatiles para el usuario navegador:<\/p>\n<figure id=\"attachment_235\" aria-describedby=\"caption-attachment-235\" style=\"width: 765px\" class=\"wp-caption alignnone\"><img loading=\"lazy\" class=\"wp-image-235 size-full\" src=\"\/wp-content\/uploads\/2019\/12\/m4357_11.jpg\" alt=\"\" width=\"765\" height=\"1500\" srcset=\"\/wp-content\/uploads\/2019\/12\/m4357_11.jpg 765w, \/wp-content\/uploads\/2019\/12\/m4357_11-153x300.jpg 153w, \/wp-content\/uploads\/2019\/12\/m4357_11-522x1024.jpg 522w\" sizes=\"(max-width: 765px) 100vw, 765px\" \/><figcaption id=\"caption-attachment-235\" class=\"wp-caption-text\">Figura 11<br \/>Fuente: a) <a href=\"https:\/\/www.habitaclia.com\" target=\"_blank\" rel=\"noopener noreferrer\">https:\/\/www.habitaclia.com<\/a>, b) <a href=\"https:\/\/elpais.com\/\" target=\"_blank\" rel=\"noopener noreferrer\">https:\/\/elpais.com\/<\/a>, c) <a href=\"https:\/\/www.amazon.com\" target=\"_blank\" rel=\"noopener noreferrer\">https:\/\/www.amazon.com<\/a>, d) <a href=\"https:\/\/www.netflix.com\" target=\"_blank\" rel=\"noopener noreferrer\">https:\/\/www.netflix.com<\/a>, e) <a href=\"https:\/\/www.youtube.com\/feed\/trending\" target=\"_blank\" rel=\"noopener noreferrer\">https:\/\/www.youtube.com\/feed\/trending<\/a>, f) <a href=\"https:\/\/www.netflix.com\" target=\"_blank\" rel=\"noopener noreferrer\">https:\/\/www.netflix.com<\/a>.<\/figcaption><\/figure>\n<p>\n<\/div>\n","protected":false},"excerpt":{"rendered":"<p>Detr\u00e1s de cada interacci\u00f3n que un usuario inicia conscientemente hay una necesidad. El trabajo de dise\u00f1o siempre debe partir de esta premisa y comenzar desde el plano de la estrategia y el \u00e1mbito a definir las necesidades y requerimientos de usuario. Tampoco podemos asumir que todos los usuarios que lleguen a nuestro producto van a [&hellip;]<\/p>\n","protected":false},"author":2,"featured_media":0,"parent":0,"menu_order":0,"comment_status":"closed","ping_status":"closed","template":"","meta":[],"_links":{"self":[{"href":"http:\/\/quadern-interficies-test.recursos.uoc.edu\/es\/wp-json\/wp\/v2\/pages\/137"}],"collection":[{"href":"http:\/\/quadern-interficies-test.recursos.uoc.edu\/es\/wp-json\/wp\/v2\/pages"}],"about":[{"href":"http:\/\/quadern-interficies-test.recursos.uoc.edu\/es\/wp-json\/wp\/v2\/types\/page"}],"author":[{"embeddable":true,"href":"http:\/\/quadern-interficies-test.recursos.uoc.edu\/es\/wp-json\/wp\/v2\/users\/2"}],"replies":[{"embeddable":true,"href":"http:\/\/quadern-interficies-test.recursos.uoc.edu\/es\/wp-json\/wp\/v2\/comments?post=137"}],"version-history":[{"count":7,"href":"http:\/\/quadern-interficies-test.recursos.uoc.edu\/es\/wp-json\/wp\/v2\/pages\/137\/revisions"}],"predecessor-version":[{"id":636,"href":"http:\/\/quadern-interficies-test.recursos.uoc.edu\/es\/wp-json\/wp\/v2\/pages\/137\/revisions\/636"}],"wp:attachment":[{"href":"http:\/\/quadern-interficies-test.recursos.uoc.edu\/es\/wp-json\/wp\/v2\/media?parent=137"}],"curies":[{"name":"wp","href":"https:\/\/api.w.org\/{rel}","templated":true}]}}