{"id":134,"date":"2019-12-06T21:53:28","date_gmt":"2019-12-06T19:53:28","guid":{"rendered":"http:\/\/quadern-interficies-test.recursos.uoc.edu\/?page_id=134"},"modified":"2020-01-21T17:03:52","modified_gmt":"2020-01-21T15:03:52","slug":"2-5-8-guias-de-estilo","status":"publish","type":"page","link":"http:\/\/quadern-interficies-test.recursos.uoc.edu\/es\/2-5-8-guias-de-estilo\/","title":{"rendered":"2.5.8. Gu\u00edas de estilo"},"content":{"rendered":"<p>Documentar las decisiones de un dise\u00f1o en una <strong><a href=\"http:\/\/disseny.recursos.uoc.edu\/materials\/interface-toolkit\/es\/guias-de-estilo\/\" target=\"_blank\" rel=\"noopener noreferrer\">gu\u00eda de estilo<\/a><\/strong> es crucial, ya que da continuidad y consistencia al trabajo de dise\u00f1o. Estas deben recoger todos los detalles sobre los aspectos globales del dise\u00f1o \u2013maquetaci\u00f3n, tipograf\u00eda, paleta de color\u2013, as\u00ed como los est\u00e1ndares espec\u00edficos de una secci\u00f3n o una funci\u00f3n del producto.<\/p>\n<figure id=\"attachment_233\" aria-describedby=\"caption-attachment-233\" style=\"width: 765px\" class=\"wp-caption alignnone\"><img loading=\"lazy\" class=\"size-full wp-image-233\" src=\"\/wp-content\/uploads\/2019\/12\/m4357_10.jpg\" alt=\"\" width=\"765\" height=\"367\" srcset=\"\/wp-content\/uploads\/2019\/12\/m4357_10.jpg 765w, \/wp-content\/uploads\/2019\/12\/m4357_10-300x144.jpg 300w\" sizes=\"(max-width: 765px) 100vw, 765px\" \/><figcaption id=\"caption-attachment-233\" class=\"wp-caption-text\">Figura 10. Gu\u00eda de estilo NRMA<br \/>Fuente: <a href=\"http:\/\/www.nomadagency.com.au\/portfolio-item\/nrma\/\" target=\"_blank\" rel=\"noopener noreferrer\">http:\/\/www.nomadagency.com.au\/portfolio-item\/nrma\/<\/a>.<\/figcaption><\/figure>\n","protected":false},"excerpt":{"rendered":"<p>Documentar las decisiones de un dise\u00f1o en una gu\u00eda de estilo es crucial, ya que da continuidad y consistencia al trabajo de dise\u00f1o. Estas deben recoger todos los detalles sobre los aspectos globales del dise\u00f1o \u2013maquetaci\u00f3n, tipograf\u00eda, paleta de color\u2013, as\u00ed como los est\u00e1ndares espec\u00edficos de una secci\u00f3n o una funci\u00f3n del producto.<\/p>\n","protected":false},"author":2,"featured_media":0,"parent":0,"menu_order":0,"comment_status":"closed","ping_status":"closed","template":"","meta":[],"_links":{"self":[{"href":"http:\/\/quadern-interficies-test.recursos.uoc.edu\/es\/wp-json\/wp\/v2\/pages\/134"}],"collection":[{"href":"http:\/\/quadern-interficies-test.recursos.uoc.edu\/es\/wp-json\/wp\/v2\/pages"}],"about":[{"href":"http:\/\/quadern-interficies-test.recursos.uoc.edu\/es\/wp-json\/wp\/v2\/types\/page"}],"author":[{"embeddable":true,"href":"http:\/\/quadern-interficies-test.recursos.uoc.edu\/es\/wp-json\/wp\/v2\/users\/2"}],"replies":[{"embeddable":true,"href":"http:\/\/quadern-interficies-test.recursos.uoc.edu\/es\/wp-json\/wp\/v2\/comments?post=134"}],"version-history":[{"count":3,"href":"http:\/\/quadern-interficies-test.recursos.uoc.edu\/es\/wp-json\/wp\/v2\/pages\/134\/revisions"}],"predecessor-version":[{"id":635,"href":"http:\/\/quadern-interficies-test.recursos.uoc.edu\/es\/wp-json\/wp\/v2\/pages\/134\/revisions\/635"}],"wp:attachment":[{"href":"http:\/\/quadern-interficies-test.recursos.uoc.edu\/es\/wp-json\/wp\/v2\/media?parent=134"}],"curies":[{"name":"wp","href":"https:\/\/api.w.org\/{rel}","templated":true}]}}