{"id":131,"date":"2019-12-06T21:50:21","date_gmt":"2019-12-06T19:50:21","guid":{"rendered":"http:\/\/quadern-interficies-test.recursos.uoc.edu\/?page_id=131"},"modified":"2020-01-21T17:02:55","modified_gmt":"2020-01-21T15:02:55","slug":"2-5-7-composiciones","status":"publish","type":"page","link":"http:\/\/quadern-interficies-test.recursos.uoc.edu\/es\/2-5-7-composiciones\/","title":{"rendered":"2.5.7. Composiciones"},"content":{"rendered":"<p>El <em>mock-up<\/em> o <em>comp<\/em> es la composici\u00f3n visual del dise\u00f1o e integra todos los elementos seleccionados y c\u00f3mo estos se cohesionan en el producto final. Es importante que todos los elementos del <em>mock-up<\/em> correspondan uno a uno con los presentes en el <em>wireframe<\/em>, aunque estos no est\u00e9n distribuidos exactamente en el mismo modo. Adem\u00e1s, cada elemento ha de estar ordenado seg\u00fan una jerarqu\u00eda (ver <a href=\"http:\/\/disseny.recursos.uoc.edu\/materials\/interface-toolkit\/es\/jerarquia\/?filter=.visual-es\" target=\"_blank\" rel=\"noopener noreferrer\">\u00abJerarqu\u00eda\u00bb<\/a>) que permita apreciar su importancia relativa y agrupaci\u00f3n con otros elementos.<\/p>\n<div class=\"featured featured-grey\"><p><strong>Ejercicio<\/strong><\/p>\n<p>Continuando con el ejercicio anterior en el que hemos esbozado la estructura de la web principal de un buscador de alquiler de pisos, realizad un primer prototipo de su dise\u00f1o usando Sketch (para usuarios de Mac OS) o Figma (para usuarios de Windows). Tratad de minimizar el n\u00famero de elementos de la interfaz.<\/p>\n<\/div>\n","protected":false},"excerpt":{"rendered":"<p>El mock-up o comp es la composici\u00f3n visual del dise\u00f1o e integra todos los elementos seleccionados y c\u00f3mo estos se cohesionan en el producto final. Es importante que todos los elementos del mock-up correspondan uno a uno con los presentes en el wireframe, aunque estos no est\u00e9n distribuidos exactamente en el mismo modo. Adem\u00e1s, cada [&hellip;]<\/p>\n","protected":false},"author":2,"featured_media":0,"parent":0,"menu_order":0,"comment_status":"closed","ping_status":"closed","template":"","meta":[],"_links":{"self":[{"href":"http:\/\/quadern-interficies-test.recursos.uoc.edu\/es\/wp-json\/wp\/v2\/pages\/131"}],"collection":[{"href":"http:\/\/quadern-interficies-test.recursos.uoc.edu\/es\/wp-json\/wp\/v2\/pages"}],"about":[{"href":"http:\/\/quadern-interficies-test.recursos.uoc.edu\/es\/wp-json\/wp\/v2\/types\/page"}],"author":[{"embeddable":true,"href":"http:\/\/quadern-interficies-test.recursos.uoc.edu\/es\/wp-json\/wp\/v2\/users\/2"}],"replies":[{"embeddable":true,"href":"http:\/\/quadern-interficies-test.recursos.uoc.edu\/es\/wp-json\/wp\/v2\/comments?post=131"}],"version-history":[{"count":3,"href":"http:\/\/quadern-interficies-test.recursos.uoc.edu\/es\/wp-json\/wp\/v2\/pages\/131\/revisions"}],"predecessor-version":[{"id":632,"href":"http:\/\/quadern-interficies-test.recursos.uoc.edu\/es\/wp-json\/wp\/v2\/pages\/131\/revisions\/632"}],"wp:attachment":[{"href":"http:\/\/quadern-interficies-test.recursos.uoc.edu\/es\/wp-json\/wp\/v2\/media?parent=131"}],"curies":[{"name":"wp","href":"https:\/\/api.w.org\/{rel}","templated":true}]}}