{"id":128,"date":"2019-12-06T21:45:04","date_gmt":"2019-12-06T19:45:04","guid":{"rendered":"http:\/\/quadern-interficies-test.recursos.uoc.edu\/?page_id=128"},"modified":"2020-01-21T17:02:33","modified_gmt":"2020-01-21T15:02:33","slug":"2-5-6-tipografia","status":"publish","type":"page","link":"http:\/\/quadern-interficies-test.recursos.uoc.edu\/es\/2-5-6-tipografia\/","title":{"rendered":"2.5.6. Tipograf\u00eda"},"content":{"rendered":"<p>Nuestros ojos se cansan r\u00e1pidamente tratando de asimilar textos extensos en una tipograf\u00eda (ver <a href=\"http:\/\/disseny.recursos.uoc.edu\/materials\/interface-toolkit\/es\/tipografia-para-interactivos\/\" target=\"_blank\" rel=\"noopener noreferrer\">\u00abTipograf\u00eda para interactivos\u00bb<\/a>) m\u00e1s ornamentada. Es por eso que las fuentes simples como Helvetica o Times son tan ampliamente utilizadas. Sin embargo, para elementos de gran tama\u00f1o y textos breves, como por ejemplo el nombre de una marca, las tipograf\u00edas con m\u00e1s personalidad resultan apropiadas. Los principios para la elecci\u00f3n de tipograf\u00eda son los mismos que ya hemos comentado en los apartados anteriores:<\/p>\n<ul>\n<li>No combinar estilos que sean muy similares.<\/li>\n<li>Usar diferentes estilos solo para indicar diferencias en la informaci\u00f3n que se est\u00e1 tratando de comunicar.<\/li>\n<li>Proporcionar suficiente contraste entre los estilos para atraer la atenci\u00f3n del usuario seg\u00fan sea necesario, pero intentando no sobrecargar el dise\u00f1o con muchos estilos diferentes.<\/li>\n<\/ul>\n","protected":false},"excerpt":{"rendered":"<p>Nuestros ojos se cansan r\u00e1pidamente tratando de asimilar textos extensos en una tipograf\u00eda (ver \u00abTipograf\u00eda para interactivos\u00bb) m\u00e1s ornamentada. Es por eso que las fuentes simples como Helvetica o Times son tan ampliamente utilizadas. Sin embargo, para elementos de gran tama\u00f1o y textos breves, como por ejemplo el nombre de una marca, las tipograf\u00edas con [&hellip;]<\/p>\n","protected":false},"author":2,"featured_media":0,"parent":0,"menu_order":0,"comment_status":"closed","ping_status":"closed","template":"","meta":[],"_links":{"self":[{"href":"http:\/\/quadern-interficies-test.recursos.uoc.edu\/es\/wp-json\/wp\/v2\/pages\/128"}],"collection":[{"href":"http:\/\/quadern-interficies-test.recursos.uoc.edu\/es\/wp-json\/wp\/v2\/pages"}],"about":[{"href":"http:\/\/quadern-interficies-test.recursos.uoc.edu\/es\/wp-json\/wp\/v2\/types\/page"}],"author":[{"embeddable":true,"href":"http:\/\/quadern-interficies-test.recursos.uoc.edu\/es\/wp-json\/wp\/v2\/users\/2"}],"replies":[{"embeddable":true,"href":"http:\/\/quadern-interficies-test.recursos.uoc.edu\/es\/wp-json\/wp\/v2\/comments?post=128"}],"version-history":[{"count":2,"href":"http:\/\/quadern-interficies-test.recursos.uoc.edu\/es\/wp-json\/wp\/v2\/pages\/128\/revisions"}],"predecessor-version":[{"id":631,"href":"http:\/\/quadern-interficies-test.recursos.uoc.edu\/es\/wp-json\/wp\/v2\/pages\/128\/revisions\/631"}],"wp:attachment":[{"href":"http:\/\/quadern-interficies-test.recursos.uoc.edu\/es\/wp-json\/wp\/v2\/media?parent=128"}],"curies":[{"name":"wp","href":"https:\/\/api.w.org\/{rel}","templated":true}]}}