{"id":122,"date":"2019-12-06T21:38:15","date_gmt":"2019-12-06T19:38:15","guid":{"rendered":"http:\/\/quadern-interficies-test.recursos.uoc.edu\/?page_id=122"},"modified":"2020-01-21T17:01:05","modified_gmt":"2020-01-21T15:01:05","slug":"2-5-4-la-consistencia-interna-y-externa","status":"publish","type":"page","link":"http:\/\/quadern-interficies-test.recursos.uoc.edu\/es\/2-5-4-la-consistencia-interna-y-externa\/","title":{"rendered":"2.5.4. La consistencia interna y externa"},"content":{"rendered":"<p>Por el <strong>principio de consistencia<\/strong> (ved <a href=\"http:\/\/disseny.recursos.uoc.edu\/materials\/interface-toolkit\/es\/coherencia\/\" target=\"_blank\" rel=\"noopener noreferrer\">\u00abCoherencia\u00bb<\/a>), el tipo de dise\u00f1o empleado en una p\u00e1gina web debe ser coherente y consistente con todas sus partes (<strong>consistencia interna<\/strong>), as\u00ed como con los dem\u00e1s productos de la misma organizaci\u00f3n (<strong>consistencia externa<\/strong>). El conjunto configura la identidad de la marca.<\/p>\n","protected":false},"excerpt":{"rendered":"<p>Por el principio de consistencia (ved \u00abCoherencia\u00bb), el tipo de dise\u00f1o empleado en una p\u00e1gina web debe ser coherente y consistente con todas sus partes (consistencia interna), as\u00ed como con los dem\u00e1s productos de la misma organizaci\u00f3n (consistencia externa). El conjunto configura la identidad de la marca.<\/p>\n","protected":false},"author":2,"featured_media":0,"parent":0,"menu_order":0,"comment_status":"closed","ping_status":"closed","template":"","meta":[],"_links":{"self":[{"href":"http:\/\/quadern-interficies-test.recursos.uoc.edu\/es\/wp-json\/wp\/v2\/pages\/122"}],"collection":[{"href":"http:\/\/quadern-interficies-test.recursos.uoc.edu\/es\/wp-json\/wp\/v2\/pages"}],"about":[{"href":"http:\/\/quadern-interficies-test.recursos.uoc.edu\/es\/wp-json\/wp\/v2\/types\/page"}],"author":[{"embeddable":true,"href":"http:\/\/quadern-interficies-test.recursos.uoc.edu\/es\/wp-json\/wp\/v2\/users\/2"}],"replies":[{"embeddable":true,"href":"http:\/\/quadern-interficies-test.recursos.uoc.edu\/es\/wp-json\/wp\/v2\/comments?post=122"}],"version-history":[{"count":2,"href":"http:\/\/quadern-interficies-test.recursos.uoc.edu\/es\/wp-json\/wp\/v2\/pages\/122\/revisions"}],"predecessor-version":[{"id":627,"href":"http:\/\/quadern-interficies-test.recursos.uoc.edu\/es\/wp-json\/wp\/v2\/pages\/122\/revisions\/627"}],"wp:attachment":[{"href":"http:\/\/quadern-interficies-test.recursos.uoc.edu\/es\/wp-json\/wp\/v2\/media?parent=122"}],"curies":[{"name":"wp","href":"https:\/\/api.w.org\/{rel}","templated":true}]}}