{"id":111,"date":"2019-12-06T21:02:31","date_gmt":"2019-12-06T19:02:31","guid":{"rendered":"http:\/\/quadern-interficies-test.recursos.uoc.edu\/?page_id=111"},"modified":"2020-01-21T16:58:16","modified_gmt":"2020-01-21T14:58:16","slug":"2-5-1-introduccion","status":"publish","type":"page","link":"http:\/\/quadern-interficies-test.recursos.uoc.edu\/es\/2-5-1-introduccion\/","title":{"rendered":"2.5.1. Introducci\u00f3n"},"content":{"rendered":"<p>El <strong>dise\u00f1o sensorial<\/strong>, en el plano de la superficie, abarca todas las disciplinas relacionadas con la creaci\u00f3n y presentaci\u00f3n de medios, incluyendo la escritura, el dise\u00f1o gr\u00e1fico, la iconograf\u00eda, la creaci\u00f3n de mapas, la caligraf\u00eda, la tipograf\u00eda, la ilustraci\u00f3n y la teor\u00eda del color (gr\u00e1ficos); la fotograf\u00eda, la animaci\u00f3n y la cinematograf\u00eda (im\u00e1genes), as\u00ed como el dise\u00f1o de sonido y m\u00fasica. Todas estas disciplinas comparten algunos atributos e inquietudes comunes, tales como el uso apropiado de los medios, el estilo, la t\u00e9cnica, la alfabetizaci\u00f3n medi\u00e1tica y el ancho de banda aplicable a la tecnolog\u00eda de la situaci\u00f3n, as\u00ed como la comprensi\u00f3n de los sentidos humanos.<\/p>\n<div class=\"featured featured-blue\"><p>El impacto sensorial de una interfaz es determinante para causar una buena impresi\u00f3n en el usuario y promover su adherencia.<\/p>\n<\/div>\n<p>Investigadores de una universidad de Australia realizaron tres estudios para determinar cu\u00e1n r\u00e1pido las personas forman una opini\u00f3n sobre el atractivo visual de la p\u00e1gina web. En el primer estudio, los participantes calificaron dos veces el atractivo visual de las p\u00e1ginas web presentadas durante 500 ms cada una. El segundo estudio replic\u00f3 el primero, pero los participantes tambi\u00e9n calificaron cada p\u00e1gina web en siete dimensiones de dise\u00f1o espec\u00edficas. Se descubri\u00f3 que el atractivo visual estaba estrechamente relacionado con la mayor\u00eda de estos. El estudio 3 repiti\u00f3 nuevamente la condici\u00f3n de 500 ms, adem\u00e1s de agregar una condici\u00f3n de 50 ms utilizando los mismos est\u00edmulos. En todo momento, las calificaciones de atractivo visual estuvieron altamente correlacionadas de una fase a la siguiente, al igual que las correlaciones entre las condiciones de 50 ms y 500 ms. Estos resultados sugieren que el atractivo visual se puede evaluar en 50 ms, lo que significa que los dise\u00f1adores web tienen aproximadamente 50 ms para causar una buena primera impresi\u00f3n.<\/p>\n<p>La visi\u00f3n es el sentido dominante en la mayor\u00eda de interfaces de usuario. Es por esta raz\u00f3n que el dise\u00f1ador debe presentar especial atenci\u00f3n al patr\u00f3n de movimiento ocular que exige la interfaz, promoviendo que este sea un movimiento fluido y suave, que aporte suficiente informaci\u00f3n sobre las posibilidades de la interfaz, mientras se minimiza la cantidad de informaci\u00f3n para evitar que el usuario se sienta abrumado. A menudo se verifica la calidad de un dise\u00f1o usando tecnolog\u00edas de monitorizaci\u00f3n de movimientos oculares, tales como los <em>eye trackers<\/em>. Este m\u00e9todo tambi\u00e9n permite identificar qu\u00e9 partes de la interfaz son m\u00e1s llamativas y cu\u00e1les pasan desapercibidas, guiando as\u00ed correcciones futuras sobre el contraste, la uniformidad del dise\u00f1o, el maquetado o el color.<\/p>\n","protected":false},"excerpt":{"rendered":"<p>El dise\u00f1o sensorial, en el plano de la superficie, abarca todas las disciplinas relacionadas con la creaci\u00f3n y presentaci\u00f3n de medios, incluyendo la escritura, el dise\u00f1o gr\u00e1fico, la iconograf\u00eda, la creaci\u00f3n de mapas, la caligraf\u00eda, la tipograf\u00eda, la ilustraci\u00f3n y la teor\u00eda del color (gr\u00e1ficos); la fotograf\u00eda, la animaci\u00f3n y la cinematograf\u00eda (im\u00e1genes), as\u00ed como [&hellip;]<\/p>\n","protected":false},"author":2,"featured_media":0,"parent":0,"menu_order":0,"comment_status":"closed","ping_status":"closed","template":"","meta":[],"_links":{"self":[{"href":"http:\/\/quadern-interficies-test.recursos.uoc.edu\/es\/wp-json\/wp\/v2\/pages\/111"}],"collection":[{"href":"http:\/\/quadern-interficies-test.recursos.uoc.edu\/es\/wp-json\/wp\/v2\/pages"}],"about":[{"href":"http:\/\/quadern-interficies-test.recursos.uoc.edu\/es\/wp-json\/wp\/v2\/types\/page"}],"author":[{"embeddable":true,"href":"http:\/\/quadern-interficies-test.recursos.uoc.edu\/es\/wp-json\/wp\/v2\/users\/2"}],"replies":[{"embeddable":true,"href":"http:\/\/quadern-interficies-test.recursos.uoc.edu\/es\/wp-json\/wp\/v2\/comments?post=111"}],"version-history":[{"count":2,"href":"http:\/\/quadern-interficies-test.recursos.uoc.edu\/es\/wp-json\/wp\/v2\/pages\/111\/revisions"}],"predecessor-version":[{"id":620,"href":"http:\/\/quadern-interficies-test.recursos.uoc.edu\/es\/wp-json\/wp\/v2\/pages\/111\/revisions\/620"}],"wp:attachment":[{"href":"http:\/\/quadern-interficies-test.recursos.uoc.edu\/es\/wp-json\/wp\/v2\/media?parent=111"}],"curies":[{"name":"wp","href":"https:\/\/api.w.org\/{rel}","templated":true}]}}